{"id":8,"date":"2024-06-03T15:32:28","date_gmt":"2024-06-03T13:32:28","guid":{"rendered":"https:\/\/frauengesundheit-kamenz.de\/2024\/?page_id=8"},"modified":"2024-12-02T15:51:21","modified_gmt":"2024-12-02T14:51:21","slug":"praxis-fuer-frauengesundheit-kamenz","status":"publish","type":"page","link":"https:\/\/frauengesundheit-kamenz.de\/2024\/","title":{"rendered":"Die Praxis"},"content":{"rendered":"<p style=\"text-align: left;\">Herzlich Willkommen in unserer Praxis f\u00fcr Frauengesundheit in Kamenz.<\/p>\n<p>Wir,\u00a0 die Frauen\u00e4rztinnen <b>Dr. med. Ulrike Maut<\/b>\u00a0und\u00a0<b>Franziska Larra\u00df<\/b>, Arzthelferin<b> Anne Hempel <\/b>sowie Hebamme<b> Maria Scapan<\/b>\u00a0stehen Ihnen f\u00fcr alle Fragen aus dem Gebiet der Frauenheilkunde und Geburtshilfe zur Verf\u00fcgung und versuchen f\u00fcr jedes Problem eine L\u00f6sung zu finden, denn Ihre Bed\u00fcrfnisse stehen im Mittelpunkt.<\/p>\n<p>Unser Leistungsspektrum umfasst:<\/p>\n<p>&#8211; Krebsvorsorge<br \/>\n&#8211; Schwangerenbetreuung, Betreuung von Risikoschwangeren<br \/>\n&#8211; Ultraschalluntersuchungen (Geb\u00e4rmutter, Eierst\u00f6cke, Brustdr\u00fcse)<br \/>\n&#8211; Empf\u00e4ngnisregelung<br \/>\n&#8211; Chlamydienscreening<br \/>\n&#8211; Beratung zu Wechseljahresbeschwerden und ggf. Behandlung<br \/>\n&#8211; Krebsnachsorge<br \/>\n&#8211; Impfungen<br \/>\n&#8211; M\u00e4dchensprechstunde<br \/>\n&#8211; psychosomatische Grundversorgung<\/p>\n<p>Unsere Sprechzeiten<\/p>\n<p><strong>Dr. med. Ulrike Maut<\/strong><br \/>\nMontag, Dienstag<br \/>\n14-18 Uhr<br \/>\nDonnerstag, Freitag<br \/>\n8-12 Uhr<\/p>\n<p><strong>Franziska Larra\u00df<\/strong><br \/>\nMontag, Dienstag, Mittwoch<br \/>\n8-12 Uhr<br \/>\nDonnerstag<br \/>\n14-18 Uhr<\/p>\n","protected":false},"excerpt":{"rendered":"<p>Herzlich Willkommen in unserer Praxis f\u00fcr Frauengesundheit in Kamenz. Wir,\u00a0 die Frauen\u00e4rztinnen Dr. med. Ulrike Maut\u00a0und\u00a0Franziska Larra\u00df, Arzthelferin Anne Hempel sowie Hebamme Maria Scapan\u00a0stehen Ihnen f\u00fcr alle Fragen aus dem Gebiet der Frauenheilkunde und Geburtshilfe zur Verf\u00fcgung und versuchen f\u00fcr jedes Problem eine L\u00f6sung zu finden, denn Ihre Bed\u00fcrfnisse stehen im Mittelpunkt. Unser Leistungsspektrum umfasst: &hellip; <\/p>\n<p class=\"link-more\"><a href=\"https:\/\/frauengesundheit-kamenz.de\/2024\/\" class=\"more-link\"><span class=\"screen-reader-text\">\u201eDie Praxis\u201c<\/span> weiterlesen<\/a><\/p>\n","protected":false},"author":1,"featured_media":0,"parent":0,"menu_order":0,"comment_status":"closed","ping_status":"closed","template":"","meta":{"footnotes":""},"_links":{"self":[{"href":"https:\/\/frauengesundheit-kamenz.de\/2024\/wp-json\/wp\/v2\/pages\/8"}],"collection":[{"href":"https:\/\/frauengesundheit-kamenz.de\/2024\/wp-json\/wp\/v2\/pages"}],"about":[{"href":"https:\/\/frauengesundheit-kamenz.de\/2024\/wp-json\/wp\/v2\/types\/page"}],"author":[{"embeddable":true,"href":"https:\/\/frauengesundheit-kamenz.de\/2024\/wp-json\/wp\/v2\/users\/1"}],"replies":[{"embeddable":true,"href":"https:\/\/frauengesundheit-kamenz.de\/2024\/wp-json\/wp\/v2\/comments?post=8"}],"version-history":[{"count":0,"href":"https:\/\/frauengesundheit-kamenz.de\/2024\/wp-json\/wp\/v2\/pages\/8\/revisions"}],"wp:attachment":[{"href":"https:\/\/frauengesundheit-kamenz.de\/2024\/wp-json\/wp\/v2\/media?parent=8"}],"curies":[{"name":"wp","href":"https:\/\/api.w.org\/{rel}","templated":true}]}}